{"id":35,"date":"2018-04-03T09:07:15","date_gmt":"2018-04-03T09:07:15","guid":{"rendered":"http:\/\/sampersaura.com\/wordpress\/?page_id=35"},"modified":"2022-05-03T07:28:13","modified_gmt":"2022-05-03T07:28:13","slug":"pagina-de-ejemplo-2","status":"publish","type":"page","link":"https:\/\/sampersaura.com\/blog\/pagina-ejemplo\/pagina-de-ejemplo-2\/","title":{"rendered":"Donde estamos"},"content":{"rendered":"<p>Puedes encontrarnos en:<\/p>\n<p>Avenida Las Salinas, s\/n, Esqu\u00edna Dr. Bernabeu Gadea<br \/>\n30740 &#8211; San Pedro del Pinatar<br \/>\nMurcia &#8211; Espa\u00f1a<\/p>\n<p>Tel\u00e9fono: 96 818 57 56<\/p>\n<p><a href=\"https:\/\/www.google.com\/maps\/place\/Farmacia+Roc%C3%ADo+del+Mar+Samper+Saura+San+Pedro+del+Pinatar\/@37.833221,-0.7856485,15z\/data=!4m5!3m4!1s0x0:0xf1206a2be91854a7!8m2!3d37.833221!4d-0.7856485\"><img loading=\"lazy\" decoding=\"async\" class=\"alignnone  wp-image-300\" src=\"https:\/\/sampersaura.com\/blog\/wp-content\/uploads\/2022\/05\/geoFar.png\" alt=\"\" width=\"268\" height=\"179\" srcset=\"https:\/\/sampersaura.com\/blog\/wp-content\/uploads\/2022\/05\/geoFar.png 2160w, https:\/\/sampersaura.com\/blog\/wp-content\/uploads\/2022\/05\/geoFar-300x200.png 300w, https:\/\/sampersaura.com\/blog\/wp-content\/uploads\/2022\/05\/geoFar-768x512.png 768w, https:\/\/sampersaura.com\/blog\/wp-content\/uploads\/2022\/05\/geoFar-1024x683.png 1024w, https:\/\/sampersaura.com\/blog\/wp-content\/uploads\/2022\/05\/geoFar-110x73.png 110w, https:\/\/sampersaura.com\/blog\/wp-content\/uploads\/2022\/05\/geoFar-420x280.png 420w, https:\/\/sampersaura.com\/blog\/wp-content\/uploads\/2022\/05\/geoFar-645x430.png 645w\" sizes=\"auto, (max-width: 268px) 100vw, 268px\" \/><\/a><\/p>\n","protected":false},"excerpt":{"rendered":"<p>Puedes encontrarnos en: Avenida Las Salinas, s\/n, Esqu\u00edna Dr. Bernabeu Gadea 30740 &#8211; San Pedro del Pinatar Murcia &#8211; Espa\u00f1a Tel\u00e9fono: 96 818 57 56<\/p>\n","protected":false},"author":1,"featured_media":0,"parent":2,"menu_order":0,"comment_status":"closed","ping_status":"closed","template":"","meta":{"footnotes":""},"class_list":["post-35","page","type-page","status-publish","hentry"],"_links":{"self":[{"href":"https:\/\/sampersaura.com\/blog\/wp-json\/wp\/v2\/pages\/35","targetHints":{"allow":["GET"]}}],"collection":[{"href":"https:\/\/sampersaura.com\/blog\/wp-json\/wp\/v2\/pages"}],"about":[{"href":"https:\/\/sampersaura.com\/blog\/wp-json\/wp\/v2\/types\/page"}],"author":[{"embeddable":true,"href":"https:\/\/sampersaura.com\/blog\/wp-json\/wp\/v2\/users\/1"}],"replies":[{"embeddable":true,"href":"https:\/\/sampersaura.com\/blog\/wp-json\/wp\/v2\/comments?post=35"}],"version-history":[{"count":6,"href":"https:\/\/sampersaura.com\/blog\/wp-json\/wp\/v2\/pages\/35\/revisions"}],"predecessor-version":[{"id":303,"href":"https:\/\/sampersaura.com\/blog\/wp-json\/wp\/v2\/pages\/35\/revisions\/303"}],"up":[{"embeddable":true,"href":"https:\/\/sampersaura.com\/blog\/wp-json\/wp\/v2\/pages\/2"}],"wp:attachment":[{"href":"https:\/\/sampersaura.com\/blog\/wp-json\/wp\/v2\/media?parent=35"}],"curies":[{"name":"wp","href":"https:\/\/api.w.org\/{rel}","templated":true}]}}